{"id":281,"date":"2025-06-21T13:22:44","date_gmt":"2025-06-21T13:22:44","guid":{"rendered":"https:\/\/soymiangelia.com.co\/?post_type=product&#038;p=281"},"modified":"2025-06-21T13:50:18","modified_gmt":"2025-06-21T13:50:18","slug":"linq","status":"publish","type":"product","link":"https:\/\/soymiangelia.com.co\/?product=linq","title":{"rendered":"LINQ"},"content":{"rendered":"<h2>Mejora la funci\u00f3n cerebral<\/h2>\n<p>Hasta el 90% de las sustancias qu\u00edmicas espec\u00edficamente responsables de la funci\u00f3n cerebral se producen en el intestino. Estos se llaman neurotransmisores. Al aumentar la creaci\u00f3n de c\u00e9lulas cerebrales (neuronas), fortalecer la barrera hematoencef\u00e1lica, mejorar la conexi\u00f3n entre el cerebro y el intestino (eje intestino\/cerebro) y restaurar la salud de su microbioma objetivo (el intestino\/segundo cerebro), LINQ ayuda a su cerebro a funcionar mejor y moderar los trastornos del estado de \u00e1nimo.<\/p>\n<h2 class=\"mt-4\">Mejora la funci\u00f3n intestinal<\/h2>\n<p>LINQ utiliza la epigen\u00e9tica para influir en los genes (el gene MUC2, espec\u00edficamente) que son responsables de fortalecer el revestimiento del intestino y el est\u00f3mago. El fortalecimiento del est\u00f3mago y del revestimiento intestinal garantiza que los nutrientes se absorban adecuadamente y evita que los microorganismos da\u00f1inos vayan a donde no deben. Esto tambi\u00e9n fortalece el v\u00ednculo entre el cerebro y el intestino, ya que unos 100 millones de neuronas consideran que el intestino es su hogar.<\/p>\n<h2 class=\"mt-4\">Aumenta el metabolismo<\/h2>\n<p>Se ha demostrado que los ingredientes en LINQ aumentan epigen\u00e9ticamente el n\u00famero de mitocondrias (las plantas de energ\u00eda de las c\u00e9lulas responsables de la producci\u00f3n de energ\u00eda y el metabolismo), descomponen las c\u00e9lulas grasas y mejoran la sensibilidad a la insulina, todo lo cual lo ayuda a crear y usar m\u00e1s energ\u00eda. Estos ingredientes tambi\u00e9n inducen una hormona que te hace sentir lleno m\u00e1s r\u00e1pido, reduciendo tu deseo de comer en exceso.<\/p>\n<h2 class=\"mt-4\">Beneficia la piel<\/h2>\n<p>La piel es la primera barrera del Sistema Inmune: deja entrar cosas buenas y evita que entren cosas malas. Tambi\u00e9n tiene su propio Sistema Inmune, cuya salud est\u00e1 dictada por la expresi\u00f3n g\u00e9nica. LINQ no s\u00f3lo fomenta esa expresi\u00f3n g\u00e9nica saludable, sino que tambi\u00e9n induce la s\u00edntesis de col\u00e1geno, que es lo que tu piel necesita para ser fuerte y sanar r\u00e1pidamente.<\/p>\n<h2 class=\"mt-4\">Regula el Sistema Inmune<\/h2>\n<p>LINQ regula los genes que tienen un impacto positivo en el Sistema Inmune.<\/p>\n<h2 class=\"mt-4\">Regula la inflamaci\u00f3n<\/h2>\n<p>LINQ ayuda a controlar la inflamaci\u00f3n en el cuerpo al regular los genes responsables de las citocinas y las c\u00e9lulas T.<\/p>\n<h2>Especificaciones LINQ<\/h2>\n<p>El antiguo m\u00e9dico griego Hip\u00f3crates era famoso por afirmar: \u00abToda enfermedad comienza en el intestino\u00bb. Creemos que lo inverso tambi\u00e9n es cierto: un cuerpo sano comienza en el intestino. La dieta moderna est\u00e1 repleta de azucare, alimentos procesados y otros aditivos que son dif\u00edciles de procesar para el cuerpo. Esto perjudica las funciones del cuerpo, evita que los nutrientes se absorban adecuadamente e introduce toxinas y otros elementos negativos en el cuerpo. LINQ de ACTIVZ est\u00e1 formulado para mejorar tu salud a trav\u00e9s del eje intestinal \/ cerebral y activar m\u00faltiples funciones beneficiosas en todo tu cuerpo.La f\u00f3rmula exclusiva y patentada de LINQ est\u00e1 dise\u00f1ada para complementar el \u00e1cido but\u00edrico del cuerpo al tiempo que ayuda al cuerpo a producir su propio \u00e1cido but\u00edrico en el intestino grueso. El resultado es un nivel \u00f3ptimo de \u00e1cido but\u00edrico que desencadena una reacci\u00f3n en cadena de beneficios para la salud: mejor funci\u00f3n cerebral y salud gastrointestinal, aumento del metabolismo, impacto epigen\u00e9tico optimizado sobre la inflamaci\u00f3n, un Sistema Inmune bien regulado y una piel sana.<\/p>\n<h2>Otros ingredientes<\/h2>\n<p>CyLoc \u2122 matriz de fibra de alfa dextrina Complejo de \u00e1cido but\u00edrico 300 mg. *, C\u00e1psula de hipromelosa (derivada de la celulosa), metilcelulosa, isomalto-oligosac\u00e1ridos, laurato de calcio, l-isoleucina, amilasa vegetal.** \u00c1cido but\u00edrico estabilizado como soluble , \u00e1cido graso libre individual puro en una trampa molecular de matriz de hexadextrina combinada con el agente de liberaci\u00f3n DexKey \u2122 (patente pendiente, Al Czap, Czap R&amp;D, con licencia de Tesseract Medical Research, LLC) CyLoc \u2122 y DexKey \u2122 son marcas comerciales de Tesseract Medical Research, LLC .<\/p>\n<p><img fetchpriority=\"high\" decoding=\"async\" class=\"alignnone size-medium wp-image-330\" src=\"https:\/\/soymiangelia.com.co\/wp-content\/uploads\/2025\/06\/linq-facts-247x300.png\" alt=\"\" width=\"247\" height=\"300\" srcset=\"https:\/\/soymiangelia.com.co\/wp-content\/uploads\/2025\/06\/linq-facts-247x300.png 247w, https:\/\/soymiangelia.com.co\/wp-content\/uploads\/2025\/06\/linq-facts.png 412w\" sizes=\"(max-width: 247px) 100vw, 247px\" \/><\/p>\n","protected":false},"excerpt":{"rendered":"<p>LINQ es una f\u00f3rmula epigen\u00e9tica cient\u00edficamente dise\u00f1ada para ayudar a mejorar la funci\u00f3n cerebral, la salud y el funcionamiento intestinal, aumentar el metabolismo, fortalecer el sistema inmunol\u00f3gico y mejorar la salud y resistencia de la piel.<\/p>\n","protected":false},"featured_media":213,"comment_status":"open","ping_status":"closed","template":"","meta":{"site-sidebar-layout":"default","site-content-layout":"","ast-site-content-layout":"default","site-content-style":"default","site-sidebar-style":"default","ast-global-header-display":"","ast-banner-title-visibility":"","ast-main-header-display":"","ast-hfb-above-header-display":"","ast-hfb-below-header-display":"","ast-hfb-mobile-header-display":"","site-post-title":"","ast-breadcrumbs-content":"","ast-featured-img":"","footer-sml-layout":"","theme-transparent-header-meta":"default","adv-header-id-meta":"","stick-header-meta":"","header-above-stick-meta":"","header-main-stick-meta":"","header-below-stick-meta":"","astra-migrate-meta-layouts":"set","ast-page-background-enabled":"default","ast-page-background-meta":{"desktop":{"background-color":"var(--ast-global-color-5)","background-image":"","background-repeat":"repeat","background-position":"center center","background-size":"auto","background-attachment":"scroll","background-type":"","background-media":"","overlay-type":"","overlay-color":"","overlay-opacity":"","overlay-gradient":""},"tablet":{"background-color":"","background-image":"","background-repeat":"repeat","background-position":"center center","background-size":"auto","background-attachment":"scroll","background-type":"","background-media":"","overlay-type":"","overlay-color":"","overlay-opacity":"","overlay-gradient":""},"mobile":{"background-color":"","background-image":"","background-repeat":"repeat","background-position":"center center","background-size":"auto","background-attachment":"scroll","background-type":"","background-media":"","overlay-type":"","overlay-color":"","overlay-opacity":"","overlay-gradient":""}},"ast-content-background-meta":{"desktop":{"background-color":"var(--ast-global-color-4)","background-image":"","background-repeat":"repeat","background-position":"center center","background-size":"auto","background-attachment":"scroll","background-type":"","background-media":"","overlay-type":"","overlay-color":"","overlay-opacity":"","overlay-gradient":""},"tablet":{"background-color":"var(--ast-global-color-4)","background-image":"","background-repeat":"repeat","background-position":"center center","background-size":"auto","background-attachment":"scroll","background-type":"","background-media":"","overlay-type":"","overlay-color":"","overlay-opacity":"","overlay-gradient":""},"mobile":{"background-color":"var(--ast-global-color-4)","background-image":"","background-repeat":"repeat","background-position":"center center","background-size":"auto","background-attachment":"scroll","background-type":"","background-media":"","overlay-type":"","overlay-color":"","overlay-opacity":"","overlay-gradient":""}},"_joinchat":[]},"product_brand":[],"product_cat":[22],"product_tag":[],"class_list":{"0":"post-281","1":"product","2":"type-product","3":"status-publish","4":"has-post-thumbnail","6":"product_cat-productos","7":"desktop-align-left","8":"tablet-align-left","9":"mobile-align-left","11":"first","12":"instock","13":"shipping-taxable","14":"product-type-external"},"_links":{"self":[{"href":"https:\/\/soymiangelia.com.co\/index.php?rest_route=\/wp\/v2\/product\/281","targetHints":{"allow":["GET"]}}],"collection":[{"href":"https:\/\/soymiangelia.com.co\/index.php?rest_route=\/wp\/v2\/product"}],"about":[{"href":"https:\/\/soymiangelia.com.co\/index.php?rest_route=\/wp\/v2\/types\/product"}],"replies":[{"embeddable":true,"href":"https:\/\/soymiangelia.com.co\/index.php?rest_route=%2Fwp%2Fv2%2Fcomments&post=281"}],"wp:featuredmedia":[{"embeddable":true,"href":"https:\/\/soymiangelia.com.co\/index.php?rest_route=\/wp\/v2\/media\/213"}],"wp:attachment":[{"href":"https:\/\/soymiangelia.com.co\/index.php?rest_route=%2Fwp%2Fv2%2Fmedia&parent=281"}],"wp:term":[{"taxonomy":"product_brand","embeddable":true,"href":"https:\/\/soymiangelia.com.co\/index.php?rest_route=%2Fwp%2Fv2%2Fproduct_brand&post=281"},{"taxonomy":"product_cat","embeddable":true,"href":"https:\/\/soymiangelia.com.co\/index.php?rest_route=%2Fwp%2Fv2%2Fproduct_cat&post=281"},{"taxonomy":"product_tag","embeddable":true,"href":"https:\/\/soymiangelia.com.co\/index.php?rest_route=%2Fwp%2Fv2%2Fproduct_tag&post=281"}],"curies":[{"name":"wp","href":"https:\/\/api.w.org\/{rel}","templated":true}]}}