{"id":335,"date":"2025-06-21T13:32:34","date_gmt":"2025-06-21T13:32:34","guid":{"rendered":"https:\/\/soymiangelia.com.co\/?post_type=product&#038;p=335"},"modified":"2025-06-21T13:32:34","modified_gmt":"2025-06-21T13:32:34","slug":"nitroxpro","status":"publish","type":"product","link":"https:\/\/soymiangelia.com.co\/?product=nitroxpro","title":{"rendered":"NITROXPRO"},"content":{"rendered":"<h2>INGREDIENTES NATURALES + CIENCIA DE VANGUARDIA<\/h2>\n<p>NITROXPRO es una bebida para mezcla en polvo cargada de Betabel, L-citrulina y Rutin\u00f3sidos para potenciar y equilibrar la producci\u00f3n de \u00f3xido n\u00edtrico de tu cuerpo, que disminuye a medida que envejeces negativamente impactando su bienestar cardiovascular. Impulsar este bienestar no solo agudiza tu capacidad mental y f\u00edsica, sino que tambi\u00e9n mejora tu energ\u00eda y concentraci\u00f3n en las actividades diarias. Sin cafe\u00edna ni estimulantes, NITROXPRO no solo energiza, sino que tambi\u00e9n ayuda en la recuperaci\u00f3n e incluso optimiza el sistema de absorci\u00f3n de nutrientes del cuerpo. \u00a1M\u00e9zclalo en tu bebida favorita y siente su poder!<\/p>\n<h2>APOYA LA SALUD DE LOS VASOS SANGU\u00cdNEOS DE TODO EL CUERPO<\/h2>\n<p>Nuestros vasos sangu\u00edneos son los circuitos que conectan y cargan el bienestar de los sistemas interconectados de nuestro cuerpo. NITROXPRO tiene un impacto positivo en el bienestar de los vasos sangu\u00edneos al asegurarse de que todo tu cuerpo est\u00e9 super-cargado para funcionar de manera eficiente, y que las v\u00edas internas que conectan los sistemas principales sean claras y fuertes para mejorar la energ\u00eda, resistencia y concentraci\u00f3n.<\/p>\n<div class=\"col-lg-6 mb-4 mb-lg-0 p-3 text-left\">\n<h2 class=\"mt-4\">APOYA LA RESISTENCIA MENTAL Y F\u00cdSICA<\/h2>\n<p>En el mundo actual, agudizar tu mente es tan importante como perfeccionar tus m\u00fasculos. NITROXPRO te permite hacer ambas cosas. El impacto positivo del \u00f3xido n\u00edtrico en los vasos sangu\u00edneos es cargar energ\u00eda para el ejercicio, tanto mental como f\u00edsico. Ya sea que necesites un alivio muscular despu\u00e9s de tu entrenamiento, energ\u00eda mental para tu gran reuni\u00f3n o un impulso para todo el cuerpo antes de ir a recoger a tus hijos, NITROXPRO te ayuda a aprovechar al m\u00e1ximo tu d\u00eda.<\/p><\/div>\n<div class=\"col-lg-6 mb-4 mb-lg-0 p-3 text-left\">\n<h2 class=\"mt-4\">IMPULSA NUTRIENTES<\/h2>\n<p>Uno de los mayores impactos en la salud del \u00f3xido n\u00edtrico es su capacidad para impactar positivamente en la capacidad del cuerpo para absorber nutrientes. NITROXPRO aumenta el impacto de los suplementos de ACTIVZ e incluso de los alimentos saludables que consumes, maximizando su impacto y permiti\u00e9ndote impulsar suplementos de salud que ya amas y usas regularmente. \u00a1Y lo hace adem\u00e1s de sus propios efectos positivos en tu bienestar!<\/p><\/div>\n<div>\n<h2>\u00bfQu\u00e9 es el \u00f3xido n\u00edtrico?<\/h2>\n<p>El \u00f3xido n\u00edtrico es un compuesto natural en el cuerpo que mantiene la funci\u00f3n de tus vasos sangu\u00edneos y promueve un flujo sangu\u00edneo saludable en todo el cuerpo. Apoya la presi\u00f3n arterial saludable, mantiene la circulaci\u00f3n y ayuda a tu cuerpo a distribuir la energ\u00eda y la fuerza de acuerdo con la actividad. B\u00e1sicamente, el \u00f3xido n\u00edtrico es responsable del flujo de energ\u00eda del cuerpo, oxigenando los m\u00fasculos y optimizando el rendimiento de los vasos sangu\u00edneos.<\/p>\n<h2 class=\"mt-4\">\u00bfPor qu\u00e9 al \u00f3xido n\u00edtrico se le llama la mol\u00e9cula milagrosa?<\/h2>\n<p>Los cient\u00edficos que descubrieron el impacto positivo del \u00f3xido n\u00edtrico en el cuerpo lo consideraron \u00abla mol\u00e9cula milagrosa\u00bb por la amplia gama de efectos saludables provocados por la presencia de esta peque\u00f1a part\u00edcula en el cuerpo humano. De hecho, ganaron el Premio Nobel en 1998 por el impacto que su descubrimiento tuvo para la salud y la biociencia. NITROXPRO aprovecha este incre\u00edble descubrimiento, amplificando sus efectos con energizantes y activadores naturales para redefinir la energ\u00eda saludable.<\/p><\/div>\n<div>\n<h2>Otros Ingredientes<\/h2>\n<h4>BETABEL<\/h4>\n<ul>\n<li>Al igual que muchas verduras, el betabel tiene un alto contenido de vitaminas y minerales esenciales, como la vitamina C y el potasio. Sin embargo, puede que te sorprenda saber que los betabeles tambi\u00e9n est\u00e1n llenos de nitratos. Estos nitratos reducen la presi\u00f3n arterial, mejoran el rendimiento del ejercicio al mejorar la utilizaci\u00f3n del ox\u00edgeno e incluso mejoran la salud del cerebro al mejorar el flujo sangu\u00edneo.<\/li>\n<\/ul>\n<h4>L-CITRULINA<\/h4>\n<ul>\n<li>L-citrulina es un amino\u00e1cido crucial, o componente fundamental de prote\u00ednas. Se ha demostrado que mejora la resistencia y reduce la fatiga durante el ejercicio de alta intensidad, ayuda a disminuir el dolor muscular despu\u00e9s del ejercicio y promueve una recuperaci\u00f3n m\u00e1s r\u00e1pida al fomentar un mejor flujo sangu\u00edneo y entrega de nutrientes a los m\u00fasculos.<\/li>\n<\/ul>\n<h4>RUTIN\u00d3SIDOS<\/h4>\n<ul>\n<li>Los rutin\u00f3sidos son campeones de la salud vascular. Estos compuestos especiales de origen vegetal mejoran la circulaci\u00f3n, act\u00faan como antioxidantes, mejoran la funci\u00f3n de los vasos sangu\u00edneos y apoyan los sistemas cardiovascular y linf\u00e1tico y son administrados para una absorci\u00f3n y biodisponibilidad \u00f3ptimas en NITROXPRO mediante el sistema de administraci\u00f3n molecular patentada CyLoc\u2122\/DexKey\u2122.<\/li>\n<\/ul>\n<p><img fetchpriority=\"high\" decoding=\"async\" class=\" wp-image-336 aligncenter\" src=\"https:\/\/soymiangelia.com.co\/wp-content\/uploads\/2025\/06\/nitroxpro-facts-300x226.png\" alt=\"\" width=\"337\" height=\"254\" srcset=\"https:\/\/soymiangelia.com.co\/wp-content\/uploads\/2025\/06\/nitroxpro-facts-300x226.png 300w, https:\/\/soymiangelia.com.co\/wp-content\/uploads\/2025\/06\/nitroxpro-facts-1024x771.png 1024w, https:\/\/soymiangelia.com.co\/wp-content\/uploads\/2025\/06\/nitroxpro-facts-768x578.png 768w, https:\/\/soymiangelia.com.co\/wp-content\/uploads\/2025\/06\/nitroxpro-facts-600x452.png 600w, https:\/\/soymiangelia.com.co\/wp-content\/uploads\/2025\/06\/nitroxpro-facts.png 1328w\" sizes=\"(max-width: 337px) 100vw, 337px\" \/><\/p>\n<\/div>\n","protected":false},"excerpt":{"rendered":"<p>Una f\u00f3rmula epigen\u00e9tica fundamental que est\u00e1 cient\u00edficamente validada para mejorar la funci\u00f3n cerebral, restaurar la salud y la funci\u00f3n intestinal, aumentar el metabolismo, regular el sistema inmunol\u00f3gico y beneficiar la piel al proporcionar energ\u00eda cr\u00edtica al cerebro y al cuerpo a nivel celular.<\/p>\n<p>\u00bfTienes problemas con la neblina mental, altos niveles de estr\u00e9s y poca energ\u00eda? Te sorprender\u00e1 saber que 3 de cada 4 personas sienten lo mismo: que la vida ha perdido su chispa. Las enfermedades, el agotamiento y el cansancio excesivo se han disparado en los \u00faltimos a\u00f1os, pero tambi\u00e9n la capacidad de la ciencia para combatir estas graves dolencias.<\/p>\n<p>El agotamiento es un problema de todo el cuerpo y, para combatirlo, la ciencia plantea una soluci\u00f3n para todo el cuerpo: una mayor salud cardiovascular. Tu sistema cardiovascular es esencial para entregar energ\u00eda a todo tu cuerpo, lo que afecta todo, desde la claridad mental hasta el rendimiento f\u00edsico. \u00bfQuieres sentirte m\u00e1s motivado, capaz y renovado durante todo el d\u00eda? Con NITROXPRO, puedes potenciar tus niveles de energ\u00eda y apoyar tu cerebro, coraz\u00f3n y salud general con ingredientes naturales que no provocan bajones. Dale una chispa a tu vida con NITROXPRO para tener m\u00e1s energ\u00eda, un mejor estado de \u00e1nimo y una mejor calidad del sue\u00f1o, gracias al \u00d3xido N\u00edtrico naturalmente presente.<\/p>\n","protected":false},"featured_media":218,"comment_status":"open","ping_status":"closed","template":"","meta":{"site-sidebar-layout":"default","site-content-layout":"","ast-site-content-layout":"default","site-content-style":"default","site-sidebar-style":"default","ast-global-header-display":"","ast-banner-title-visibility":"","ast-main-header-display":"","ast-hfb-above-header-display":"","ast-hfb-below-header-display":"","ast-hfb-mobile-header-display":"","site-post-title":"","ast-breadcrumbs-content":"","ast-featured-img":"","footer-sml-layout":"","theme-transparent-header-meta":"default","adv-header-id-meta":"","stick-header-meta":"","header-above-stick-meta":"","header-main-stick-meta":"","header-below-stick-meta":"","astra-migrate-meta-layouts":"set","ast-page-background-enabled":"default","ast-page-background-meta":{"desktop":{"background-color":"var(--ast-global-color-5)","background-image":"","background-repeat":"repeat","background-position":"center center","background-size":"auto","background-attachment":"scroll","background-type":"","background-media":"","overlay-type":"","overlay-color":"","overlay-opacity":"","overlay-gradient":""},"tablet":{"background-color":"","background-image":"","background-repeat":"repeat","background-position":"center center","background-size":"auto","background-attachment":"scroll","background-type":"","background-media":"","overlay-type":"","overlay-color":"","overlay-opacity":"","overlay-gradient":""},"mobile":{"background-color":"","background-image":"","background-repeat":"repeat","background-position":"center center","background-size":"auto","background-attachment":"scroll","background-type":"","background-media":"","overlay-type":"","overlay-color":"","overlay-opacity":"","overlay-gradient":""}},"ast-content-background-meta":{"desktop":{"background-color":"var(--ast-global-color-4)","background-image":"","background-repeat":"repeat","background-position":"center center","background-size":"auto","background-attachment":"scroll","background-type":"","background-media":"","overlay-type":"","overlay-color":"","overlay-opacity":"","overlay-gradient":""},"tablet":{"background-color":"var(--ast-global-color-4)","background-image":"","background-repeat":"repeat","background-position":"center center","background-size":"auto","background-attachment":"scroll","background-type":"","background-media":"","overlay-type":"","overlay-color":"","overlay-opacity":"","overlay-gradient":""},"mobile":{"background-color":"var(--ast-global-color-4)","background-image":"","background-repeat":"repeat","background-position":"center center","background-size":"auto","background-attachment":"scroll","background-type":"","background-media":"","overlay-type":"","overlay-color":"","overlay-opacity":"","overlay-gradient":""}},"_joinchat":[]},"product_brand":[],"product_cat":[22],"product_tag":[],"class_list":{"0":"post-335","1":"product","2":"type-product","3":"status-publish","4":"has-post-thumbnail","6":"product_cat-productos","7":"desktop-align-left","8":"tablet-align-left","9":"mobile-align-left","11":"first","12":"instock","13":"shipping-taxable","14":"product-type-external"},"_links":{"self":[{"href":"https:\/\/soymiangelia.com.co\/index.php?rest_route=\/wp\/v2\/product\/335","targetHints":{"allow":["GET"]}}],"collection":[{"href":"https:\/\/soymiangelia.com.co\/index.php?rest_route=\/wp\/v2\/product"}],"about":[{"href":"https:\/\/soymiangelia.com.co\/index.php?rest_route=\/wp\/v2\/types\/product"}],"replies":[{"embeddable":true,"href":"https:\/\/soymiangelia.com.co\/index.php?rest_route=%2Fwp%2Fv2%2Fcomments&post=335"}],"wp:featuredmedia":[{"embeddable":true,"href":"https:\/\/soymiangelia.com.co\/index.php?rest_route=\/wp\/v2\/media\/218"}],"wp:attachment":[{"href":"https:\/\/soymiangelia.com.co\/index.php?rest_route=%2Fwp%2Fv2%2Fmedia&parent=335"}],"wp:term":[{"taxonomy":"product_brand","embeddable":true,"href":"https:\/\/soymiangelia.com.co\/index.php?rest_route=%2Fwp%2Fv2%2Fproduct_brand&post=335"},{"taxonomy":"product_cat","embeddable":true,"href":"https:\/\/soymiangelia.com.co\/index.php?rest_route=%2Fwp%2Fv2%2Fproduct_cat&post=335"},{"taxonomy":"product_tag","embeddable":true,"href":"https:\/\/soymiangelia.com.co\/index.php?rest_route=%2Fwp%2Fv2%2Fproduct_tag&post=335"}],"curies":[{"name":"wp","href":"https:\/\/api.w.org\/{rel}","templated":true}]}}