{"id":339,"date":"2025-06-21T13:37:00","date_gmt":"2025-06-21T13:37:00","guid":{"rendered":"https:\/\/soymiangelia.com.co\/?post_type=product&#038;p=339"},"modified":"2025-06-21T13:37:10","modified_gmt":"2025-06-21T13:37:10","slug":"optimend","status":"publish","type":"product","link":"https:\/\/soymiangelia.com.co\/?product=optimend","title":{"rendered":"OPTIMEND"},"content":{"rendered":"<h2>Apoya una respuesta inflamatoria saludable<\/h2>\n<p>Apoya una respuesta inflamatoria saludable<\/p>\n<div class=\"row\">\n<div class=\"col-lg-6 mb-4 mb-lg-0 p-3 text-left\">\n<h2 class=\"mt-4\">Ayuda a reducir dolores y molestias<\/h2>\n<p>Ayuda a reducir dolores y molestias, inclusive aquellos asociados con el ejercicio y las lesiones.<\/p>\n<h2 class=\"mt-4\">Apoya la movilidad conjunta<\/h2>\n<p>Mejora la movilidad articular y la flexibilidad.<\/p>\n<\/div>\n<\/div>\n<div class=\"row\">\n<div class=\"col-lg-6 mb-4 mb-lg-0 p-3 text-left\">\n<h2 class=\"mt-4\">\u00bfQu\u00e9 hace que OPTIMEND sea \u00fanico?<\/h2>\n<p>Los cient\u00edficos de ACTIVZ se basaron en miles de a\u00f1os de conocimiento ayurv\u00e9dico del viejo mundo sobre la c\u00farcuma, la curcumina y la boswelia y los combinaron con tecnolog\u00eda y ciencia de vanguardia para crear Optimend. La c\u00farcuma y la curcumina (el componente m\u00e1s activo de la c\u00farcuma) son naturalmente \u00fatiles hasta cierto punto, pero est\u00e1n compuestas de mol\u00e9culas grandes e inestables que el cuerpo no absorbe ni utiliza f\u00e1cilmente. Optimend aborda esta deficiencia de varias maneras. En primer lugar, contiene un metabolito especial de la curcumina, llamado tetrahidrocurcumina, que por s\u00ed solo es m\u00e1s biodisponible que la curcumina normal. Luego, se envuelve en una \u201cjaula\u201d molecular de dextrina CyLoc\u2122 y se trata especialmente con tecnolog\u00eda DexKey\u2122, que desbloquea la mol\u00e9cula en el lugar y momen precisos para liberar su poder en tu cuerpo con una mayor capacidad de absorci\u00f3n. En resumen, Optimend toma un remedio tradicional eficaz y lo hace absorbible por el cuerpo, liberando todo su potencial de salud y convirti\u00e9ndolo en un producto revolucionario.<\/p>\n<h2 class=\"mt-4\">\u00bfPor qu\u00e9 deber\u00eda tomar OPTIMEND en lugar de medicamentos anti-inflamatorios de venta libre?<\/h2>\n<p>La mayor\u00eda de los medicamentos que utilizamos para controlar el dolor y la inflamaci\u00f3n presentan riesgos inherentes. Algunos medicamentos se han relacionado con un mayor riesgo de sufrir un ataque card\u00edaco y un derrame cerebral, o un aumento de la presi\u00f3n arterial e insuficiencia card\u00edaca. Muchos pueden ser t\u00f3xicos para nuestro tracto intestinal y provocar el desarrollo de \u00falceras y otros problemas estomacales graves. Adem\u00e1s, los analg\u00e9sicos pueden enmascarar problemas reales, ser altamente adictivos y hacer que el cuerpo desarrolle tolerancia a sus ingredientes activos con el tiempo, lo que lleva a los usuarios cr\u00f3nicos a un ciclo peligroso y agravante. En su lugar, consumir Optimend te permite evitar esta gran cantidad de riesgos.<\/p>\n<\/div>\n<div class=\"col-lg-6 mb-4 mb-lg-0 p-3 text-left\">\n<h2 class=\"mt-4\">\u00bfOPTIMEND reemplaza la necesidad de GNM-X o un activador NRF2?<\/h2>\n<p>No, OPTIMEND no reemplaza la necesidad de GNM-X. Si bien OPTIMEND y GNM-X comparten ciertos efectos, como reducir el estr\u00e9s oxidativo y respaldar niveles saludables de inflamaci\u00f3n, funcionan mediante diferentes m\u00e9todos y se centran en diferentes resultados generales. Es necesario utilizar ambos productos si deseas fortalecer tu enfoque proactivo general para llevar una vida saludable, ya que cada uno te brinda m\u00faltiples beneficios \u00fanicos que el otro no ofrece. Activa tu mejor versi\u00f3n utilizando toda la malla de salud de ACTIVZ.<\/p>\n<h2 class=\"mt-4\">\u00bfQui\u00e9n debe usar este producto?<\/h2>\n<p>Todos experimentamos inflamaci\u00f3n, ya sea por lesiones, toxinas ambientales, estr\u00e9s, falta de ejercicio, una dieta inflamatoria o simplemente el proceso de envejecimiento. La inflamaci\u00f3n silenciosa est\u00e1 presente en nuestros cuerpos, lo sintamos o no, haciendo un da\u00f1o que la mayor\u00eda de nosotros desconocemos. Para combatir el impacto destructivo de la inflamaci\u00f3n, las personas de todas las edades y niveles de actividad pueden beneficiarse del uso de OPTIMEND. Algunos notar\u00e1n una reducci\u00f3n inmediata del dolor y una mayor movilidad. Para aquellos que son totalmente m\u00f3viles y sin dolor, existen m\u00faltiples beneficios a largo plazo que se obtienen al equilibrar los niveles saludables de inflamaci\u00f3n. \u00bfNecesitas m\u00e1s informaci\u00f3n? Existen m\u00e1s de 37,000 estudios relacionados con el t\u00e9rmino de b\u00fasqueda \u00abreducci\u00f3n de la inflamaci\u00f3n\u00bb en www.pubmed.gov al momento de escribir este art\u00edculo.<\/p>\n<\/div>\n<\/div>\n<div>\n<div class=\"container-fluid bg-light p-4 mb-5\">\n<div class=\"quote row\">\n<div class=\"col-xl-6 col-lg-12 col-m-12 col-sm-12 col-xs-12 text-left mt-3\">\n<h2>Especificaciones de OPTIMEND<\/h2>\n<p>La inflamaci\u00f3n saludable es parte del sistema de defensa natural del cuerpo y est\u00e1 dise\u00f1ada para combatir virus, bacterias y lesiones. Es la forma que tiene el cuerpo de \u201cpurgarse con fuego\u201d. Desafortunadamente, la inflamaci\u00f3n excesiva puede causar una serie de efectos secundarios desfavorables, como calor\/fiebre, hinchaz\u00f3n y dolor, que pueden da\u00f1ar los propios tejidos del cuerpo. \u00bfSab\u00eda que ahora se considera que la inflamaci\u00f3n cr\u00f3nica o \u201csilenciosa\u201d es una de las principales causas de la mayor\u00eda de las afecciones y enfermedades cr\u00f3nicas que padecemos? Este es el fuego que arde en tus c\u00e9lulas. Al equilibrar la inflamaci\u00f3n y reducir los dolores y molestias, puede extinguir el fuego celular de tu cuerpo y liberarlo para moverse y funcionar exactamente como debe hacerlo.<\/p>\n<\/div>\n<\/div>\n<\/div>\n<div class=\"container-fluid mt-3 mb-4\">\n<div class=\"quote row\">\n<div class=\"col-md-8 text-left pr-5\">\n<h2>Otros ingredientes<\/h2>\n<p>Matriz de fibra dextrina gamma CyLoc \u2122, c\u00e1psula de hipromelosa (derivada de la celulosa), isomalta, celulosa, laurato de calcio, leucina y amilasa vegetal. EI complejo de tetrahidrocurcumina est\u00e1 tratado especialmente con una trampa molecular de matriz Cyloc \u2122 combinada con la tecnolog\u00eda pendiente de patente del agente de liberaci\u00f3n DexKey \u2122 para aumentar la solubilidad y la biodisponibilidad.<\/p>\n<h2>Advertencia<\/h2>\n<p>Almacene bien cerrado en un lugar fresco y seco. Mantener fuera del alcance de los ni\u00f1os. Si est\u00e1 embarazada o lactando, consulte a su m\u00e9dico antes de usar este producto.<\/p>\n<\/div>\n<div><img fetchpriority=\"high\" decoding=\"async\" class=\"size-medium wp-image-340 aligncenter\" src=\"https:\/\/soymiangelia.com.co\/wp-content\/uploads\/2025\/06\/optimend-information-261x300.png\" alt=\"\" width=\"261\" height=\"300\" srcset=\"https:\/\/soymiangelia.com.co\/wp-content\/uploads\/2025\/06\/optimend-information-261x300.png 261w, https:\/\/soymiangelia.com.co\/wp-content\/uploads\/2025\/06\/optimend-information.png 340w\" sizes=\"(max-width: 261px) 100vw, 261px\" \/><\/div>\n<\/div>\n<\/div>\n<\/div>\n","protected":false},"excerpt":{"rendered":"<p>Una f\u00f3rmula poderosa que incorpora tecnolog\u00eda de vanguardia, pendiente de patente, para ayudar a su cuerpo a equilibrar niveles saludables de inflamaci\u00f3n, reducir dolores y molestias menores y apoyar la movilidad y flexibilidad de las articulaciones.<\/p>\n","protected":false},"featured_media":215,"comment_status":"open","ping_status":"closed","template":"","meta":{"site-sidebar-layout":"default","site-content-layout":"","ast-site-content-layout":"default","site-content-style":"default","site-sidebar-style":"default","ast-global-header-display":"","ast-banner-title-visibility":"","ast-main-header-display":"","ast-hfb-above-header-display":"","ast-hfb-below-header-display":"","ast-hfb-mobile-header-display":"","site-post-title":"","ast-breadcrumbs-content":"","ast-featured-img":"","footer-sml-layout":"","theme-transparent-header-meta":"default","adv-header-id-meta":"","stick-header-meta":"","header-above-stick-meta":"","header-main-stick-meta":"","header-below-stick-meta":"","astra-migrate-meta-layouts":"set","ast-page-background-enabled":"default","ast-page-background-meta":{"desktop":{"background-color":"var(--ast-global-color-5)","background-image":"","background-repeat":"repeat","background-position":"center center","background-size":"auto","background-attachment":"scroll","background-type":"","background-media":"","overlay-type":"","overlay-color":"","overlay-opacity":"","overlay-gradient":""},"tablet":{"background-color":"","background-image":"","background-repeat":"repeat","background-position":"center center","background-size":"auto","background-attachment":"scroll","background-type":"","background-media":"","overlay-type":"","overlay-color":"","overlay-opacity":"","overlay-gradient":""},"mobile":{"background-color":"","background-image":"","background-repeat":"repeat","background-position":"center center","background-size":"auto","background-attachment":"scroll","background-type":"","background-media":"","overlay-type":"","overlay-color":"","overlay-opacity":"","overlay-gradient":""}},"ast-content-background-meta":{"desktop":{"background-color":"var(--ast-global-color-4)","background-image":"","background-repeat":"repeat","background-position":"center center","background-size":"auto","background-attachment":"scroll","background-type":"","background-media":"","overlay-type":"","overlay-color":"","overlay-opacity":"","overlay-gradient":""},"tablet":{"background-color":"var(--ast-global-color-4)","background-image":"","background-repeat":"repeat","background-position":"center center","background-size":"auto","background-attachment":"scroll","background-type":"","background-media":"","overlay-type":"","overlay-color":"","overlay-opacity":"","overlay-gradient":""},"mobile":{"background-color":"var(--ast-global-color-4)","background-image":"","background-repeat":"repeat","background-position":"center center","background-size":"auto","background-attachment":"scroll","background-type":"","background-media":"","overlay-type":"","overlay-color":"","overlay-opacity":"","overlay-gradient":""}},"_joinchat":[]},"product_brand":[],"product_cat":[22],"product_tag":[],"class_list":{"0":"post-339","1":"product","2":"type-product","3":"status-publish","4":"has-post-thumbnail","6":"product_cat-productos","7":"desktop-align-left","8":"tablet-align-left","9":"mobile-align-left","11":"first","12":"instock","13":"shipping-taxable","14":"product-type-external"},"_links":{"self":[{"href":"https:\/\/soymiangelia.com.co\/index.php?rest_route=\/wp\/v2\/product\/339","targetHints":{"allow":["GET"]}}],"collection":[{"href":"https:\/\/soymiangelia.com.co\/index.php?rest_route=\/wp\/v2\/product"}],"about":[{"href":"https:\/\/soymiangelia.com.co\/index.php?rest_route=\/wp\/v2\/types\/product"}],"replies":[{"embeddable":true,"href":"https:\/\/soymiangelia.com.co\/index.php?rest_route=%2Fwp%2Fv2%2Fcomments&post=339"}],"wp:featuredmedia":[{"embeddable":true,"href":"https:\/\/soymiangelia.com.co\/index.php?rest_route=\/wp\/v2\/media\/215"}],"wp:attachment":[{"href":"https:\/\/soymiangelia.com.co\/index.php?rest_route=%2Fwp%2Fv2%2Fmedia&parent=339"}],"wp:term":[{"taxonomy":"product_brand","embeddable":true,"href":"https:\/\/soymiangelia.com.co\/index.php?rest_route=%2Fwp%2Fv2%2Fproduct_brand&post=339"},{"taxonomy":"product_cat","embeddable":true,"href":"https:\/\/soymiangelia.com.co\/index.php?rest_route=%2Fwp%2Fv2%2Fproduct_cat&post=339"},{"taxonomy":"product_tag","embeddable":true,"href":"https:\/\/soymiangelia.com.co\/index.php?rest_route=%2Fwp%2Fv2%2Fproduct_tag&post=339"}],"curies":[{"name":"wp","href":"https:\/\/api.w.org\/{rel}","templated":true}]}}