{"id":341,"date":"2025-06-21T13:39:15","date_gmt":"2025-06-21T13:39:15","guid":{"rendered":"https:\/\/soymiangelia.com.co\/?post_type=product&#038;p=341"},"modified":"2025-06-21T13:39:15","modified_gmt":"2025-06-21T13:39:15","slug":"airo","status":"publish","type":"product","link":"https:\/\/soymiangelia.com.co\/?product=airo","title":{"rendered":"Airo"},"content":{"rendered":"<h2>P\u00e9rdida de peso<\/h2>\n<p>Mediante el uso de la semilla de mango africano, AIRO complementa una fibra que ayuda a eliminar el colesterol del cuerpo. Con el contenido de fibra de AIRO y sus otros poderosos ingredientes naturales como Citrus Aurantium, te sentir\u00e1s m\u00e1s lleno por m\u00e1s tiempo.<\/p>\n<div class=\"container mb-5\">\n<div class=\"row\">\n<div class=\"col-lg-6 mb-4 mb-lg-0 p-3 text-left\">\n<h2 class=\"mt-4\">Aumenta el metabolismo<\/h2>\n<p>AIRO contiene poderosos activadores metab\u00f3licos naturales, como el guaran\u00e1, que estimulan los procesos naturales de salud de tu cuerpo para devolver su funci\u00f3n a sus niveles \u00f3ptimos. Tambi\u00e9n hemos formulado AIRO con una mezcla de vitaminas B para ayudarte a mantenerte equilibrado a medida que aumenta tu energ\u00eda y mejora tu bienestar general, ya que las vitaminas B son las vitaminas esenciales que m\u00e1s faltan cr\u00f3nicamente en la dieta moderna.<\/p>\n<h2 class=\"mt-4\">Estilo de vida mejorado<\/h2>\n<p>\u00a1Hemos dise\u00f1ado ACTIVZ AIRO enfoc\u00e1ndonos en tu estado de alerta y vitalidad tambi\u00e9n! El extracto de grano de caf\u00e9 verde te ayudar\u00e1 a mantenerte concentrado.<\/p><\/div>\n<\/div>\n<\/div>\n<div class=\"container-fluid mt-3 mb-4\">\n<div class=\"quote row\">\n<div class=\"col-md-6 text-left\">\n<h2>\u00bfCu\u00e1nto tiempo se puede tomar AIRO de forma consecutiva?<\/h2>\n<p>Te recomendamos que comiences tomando una medida de ACTIVZ AIRO al d\u00eda (5g) , para comprender mejor c\u00f3mo te afecta ACTIVZ AIRO. Recuerda: AIRO no es un medicamento y no requiere un proceso de prueba prolongado. Escucha a tu cuerpo y podr\u00e1s tomar la mejor decisi\u00f3n para ti. Los usos recomendados (1 medida al d\u00eda) se basan en la literatura de sus ingredientes individuales. En teor\u00eda, AIRO se puede consumir durante 3 meses consecutivos antes de detenerse para un descanso de 15 d\u00edas. Aunque ACTIVZ AIRO tiene todos los ingredientes naturales, si tiene una reacci\u00f3n al\u00e9rgica durante las fases de consumo o descanso, consulte con tu m\u00e9dico.<\/p><\/div>\n<div class=\"col-md-6 text-left\">\n<h2>\u00bfQui\u00e9n no deber\u00eda consumir AIRO?<\/h2>\n<p>Las personas con hipertensi\u00f3n e insuficiencia card\u00edaca, ni\u00f1os y mujeres que est\u00e9n lactando o est\u00e9n embarazadas deben consultar a su m\u00e9dico antes de consumir este y cualquier otro suplemento.<\/p>\n<h2>\u00bfPueden consumir esta bebida ni\u00f1os con sobrepeso o a partir de qu\u00e9 edad se puede tomar ACTIVZ AIRO?<\/h2>\n<p>Las bebidas con cafe\u00edna generalmente no es recomendable para ni\u00f1os, por lo que su consumo debe estar bajo la recomendaci\u00f3n de un m\u00e9dico.<\/p><\/div>\n<div>\n<h2>Especificaciones AIRO<\/h2>\n<p>Dos de los mayores desaf\u00edos que enfrentan las personas cuando se comprometen a hacer ejercicio son la p\u00e9rdida de peso y la falta de energ\u00eda. AIRO combate ambos desaf\u00edos con ingredientes epigen\u00e9ticos probados y permite a los usuarios sentir un aumento en sus niveles de energ\u00eda. Ingredientes como nuestro complejo de vitamina B permiten a los usuarios evitar el baj\u00f3n de otras mezclas de bebidas energ\u00e9ticas y mantenerse concentrados durante todo el d\u00eda.\u00bfY por qu\u00e9 esperar para adelgazar? El extracto natural de semilla de mango africano de AIRO es muy rico en fibra y, cuando se combina con Citrus Aurantium, te ayuda a perder peso y a sentirte satisfecho antes de la hora de comer.<\/p><\/div>\n<div><img fetchpriority=\"high\" decoding=\"async\" class=\" wp-image-342 aligncenter\" src=\"https:\/\/soymiangelia.com.co\/wp-content\/uploads\/2025\/06\/airo-facts-300x163.png\" alt=\"\" width=\"379\" height=\"206\" srcset=\"https:\/\/soymiangelia.com.co\/wp-content\/uploads\/2025\/06\/airo-facts-300x163.png 300w, https:\/\/soymiangelia.com.co\/wp-content\/uploads\/2025\/06\/airo-facts-1024x557.png 1024w, https:\/\/soymiangelia.com.co\/wp-content\/uploads\/2025\/06\/airo-facts-768x418.png 768w, https:\/\/soymiangelia.com.co\/wp-content\/uploads\/2025\/06\/airo-facts-600x327.png 600w, https:\/\/soymiangelia.com.co\/wp-content\/uploads\/2025\/06\/airo-facts.png 1084w\" sizes=\"(max-width: 379px) 100vw, 379px\" \/><\/div>\n<\/div>\n<\/div>\n","protected":false},"excerpt":{"rendered":"<p>Una potente f\u00f3rmula de bebida epigen\u00e9tica cient\u00edficamente dise\u00f1ada para aumentar la energ\u00eda utilizando vitaminas y minerales naturales y ayuda a perder peso. \u00a1AIRO es una alternativa saludable a las bebidas energ\u00e9ticas, los refrescos e incluso el caf\u00e9!<\/p>\n","protected":false},"featured_media":217,"comment_status":"open","ping_status":"closed","template":"","meta":{"site-sidebar-layout":"default","site-content-layout":"","ast-site-content-layout":"default","site-content-style":"default","site-sidebar-style":"default","ast-global-header-display":"","ast-banner-title-visibility":"","ast-main-header-display":"","ast-hfb-above-header-display":"","ast-hfb-below-header-display":"","ast-hfb-mobile-header-display":"","site-post-title":"","ast-breadcrumbs-content":"","ast-featured-img":"","footer-sml-layout":"","theme-transparent-header-meta":"default","adv-header-id-meta":"","stick-header-meta":"","header-above-stick-meta":"","header-main-stick-meta":"","header-below-stick-meta":"","astra-migrate-meta-layouts":"set","ast-page-background-enabled":"default","ast-page-background-meta":{"desktop":{"background-color":"var(--ast-global-color-5)","background-image":"","background-repeat":"repeat","background-position":"center center","background-size":"auto","background-attachment":"scroll","background-type":"","background-media":"","overlay-type":"","overlay-color":"","overlay-opacity":"","overlay-gradient":""},"tablet":{"background-color":"","background-image":"","background-repeat":"repeat","background-position":"center center","background-size":"auto","background-attachment":"scroll","background-type":"","background-media":"","overlay-type":"","overlay-color":"","overlay-opacity":"","overlay-gradient":""},"mobile":{"background-color":"","background-image":"","background-repeat":"repeat","background-position":"center center","background-size":"auto","background-attachment":"scroll","background-type":"","background-media":"","overlay-type":"","overlay-color":"","overlay-opacity":"","overlay-gradient":""}},"ast-content-background-meta":{"desktop":{"background-color":"var(--ast-global-color-4)","background-image":"","background-repeat":"repeat","background-position":"center center","background-size":"auto","background-attachment":"scroll","background-type":"","background-media":"","overlay-type":"","overlay-color":"","overlay-opacity":"","overlay-gradient":""},"tablet":{"background-color":"var(--ast-global-color-4)","background-image":"","background-repeat":"repeat","background-position":"center center","background-size":"auto","background-attachment":"scroll","background-type":"","background-media":"","overlay-type":"","overlay-color":"","overlay-opacity":"","overlay-gradient":""},"mobile":{"background-color":"var(--ast-global-color-4)","background-image":"","background-repeat":"repeat","background-position":"center center","background-size":"auto","background-attachment":"scroll","background-type":"","background-media":"","overlay-type":"","overlay-color":"","overlay-opacity":"","overlay-gradient":""}},"_joinchat":[]},"product_brand":[],"product_cat":[22],"product_tag":[],"class_list":{"0":"post-341","1":"product","2":"type-product","3":"status-publish","4":"has-post-thumbnail","6":"product_cat-productos","7":"desktop-align-left","8":"tablet-align-left","9":"mobile-align-left","11":"first","12":"instock","13":"shipping-taxable","14":"product-type-external"},"_links":{"self":[{"href":"https:\/\/soymiangelia.com.co\/index.php?rest_route=\/wp\/v2\/product\/341","targetHints":{"allow":["GET"]}}],"collection":[{"href":"https:\/\/soymiangelia.com.co\/index.php?rest_route=\/wp\/v2\/product"}],"about":[{"href":"https:\/\/soymiangelia.com.co\/index.php?rest_route=\/wp\/v2\/types\/product"}],"replies":[{"embeddable":true,"href":"https:\/\/soymiangelia.com.co\/index.php?rest_route=%2Fwp%2Fv2%2Fcomments&post=341"}],"wp:featuredmedia":[{"embeddable":true,"href":"https:\/\/soymiangelia.com.co\/index.php?rest_route=\/wp\/v2\/media\/217"}],"wp:attachment":[{"href":"https:\/\/soymiangelia.com.co\/index.php?rest_route=%2Fwp%2Fv2%2Fmedia&parent=341"}],"wp:term":[{"taxonomy":"product_brand","embeddable":true,"href":"https:\/\/soymiangelia.com.co\/index.php?rest_route=%2Fwp%2Fv2%2Fproduct_brand&post=341"},{"taxonomy":"product_cat","embeddable":true,"href":"https:\/\/soymiangelia.com.co\/index.php?rest_route=%2Fwp%2Fv2%2Fproduct_cat&post=341"},{"taxonomy":"product_tag","embeddable":true,"href":"https:\/\/soymiangelia.com.co\/index.php?rest_route=%2Fwp%2Fv2%2Fproduct_tag&post=341"}],"curies":[{"name":"wp","href":"https:\/\/api.w.org\/{rel}","templated":true}]}}