{"id":343,"date":"2025-06-21T13:42:14","date_gmt":"2025-06-21T13:42:14","guid":{"rendered":"https:\/\/soymiangelia.com.co\/?post_type=product&#038;p=343"},"modified":"2025-06-21T13:42:14","modified_gmt":"2025-06-21T13:42:14","slug":"esencia-tonificadora","status":"publish","type":"product","link":"https:\/\/soymiangelia.com.co\/?product=esencia-tonificadora","title":{"rendered":"Esencia Tonificadora"},"content":{"rendered":"<h2>Refina los poros<\/h2>\n<p>Refina el aspecto de los poros, ayudando a que la piel se vea m\u00e1s firme y juvenil.<\/p>\n<div class=\"row\">\n<div class=\"col-lg-6 mb-4 mb-lg-0 p-3 text-left\">\n<h2 class=\"mt-4\">Hidrata la piel<\/h2>\n<p>La Esencia Tonificadora EMORA ilumina y tonifica la piel, dej\u00e1ndola fresca e hidratada.<\/p>\n<h2 class=\"mt-4\">Reduce la apariencia de las arrugas<\/h2>\n<p>Disminuye las manchas oscuras y reduce la apariencia de las arrugas.<\/p>\n<h2 class=\"mt-4\">Suaviza la piel<\/h2>\n<p>La Esencia Tonificadora EMORA suaviza la textura de tu piel.<\/p><\/div>\n<\/div>\n<div class=\"row\">\n<div class=\"col-lg-6 mb-4 mb-lg-0 p-3 text-left\">\n<h2 class=\"mt-4\">Ayuda a los siguientes productos<\/h2>\n<p>Ayuda a que los productos y nutrientes de seguimiento penetren tu piel m\u00e1s profundamente.<\/p><\/div>\n<div class=\"col-lg-6 mb-4 mb-lg-0 p-3 text-left\">\n<h2 class=\"mt-4\">Ayuda a reducir la decoloraci\u00f3n<\/h2>\n<p>Elimina la decoloraci\u00f3n y unifica el tono de la piel.<\/p><\/div>\n<div>\n<div class=\"container-fluid bg-light p-4 mb-5\">\n<div class=\"quote row\">\n<div class=\"col-xl-6 col-lg-12 col-m-12 col-sm-12 col-xs-12 text-left mt-3\">\n<h2>Especificaciones de la Esencia Tonificadora EMORA<\/h2>\n<p>La Esencia Tonificadora EMORA est\u00e1 elaborada con el secreto ancestral de Asia: el agua de arroz. Rica en vitaminas, minerales y amino\u00e1cidos, la Esencia Tonificadora EMORA ayudar\u00e1 a hidratar, iluminar y tonificar tu piel, refinando el aspecto de tus poros y dejando tu piel con una sensaci\u00f3n sedosa y suave. Nuestra formulaci\u00f3n a base de fermento de agua de arroz saciar\u00e1 r\u00e1pidamente tu piel sedienta, brindando elasticidad y resistencia a las arrugas, mientras trabaja para disminuir las manchas oscuras y equilibrar el pH de su piel. Aplicada de antemano, la Esencia Tonificadora EMORA permite que el Suero Rejuvenecedor EMORA penetre m\u00e1s profundamente para revelar tu verdadera y bella persona.<\/p><\/div>\n<\/div>\n<\/div>\n<div class=\"container mt-3 mb-4\">\n<div class=\"quote row\">\n<div class=\"col-md-12 text-center\">\n<h2>Ingredientes principales<\/h2>\n<\/div>\n<\/div>\n<div class=\"row \">\n<div class=\"col-md-4 text-left\">\n<h4>Filtrado de fermento de Saccharomyces<\/h4>\n<p>Un antiguo secreto de belleza de Asia que aporta belleza interior y exterior con claridad, hidrataci\u00f3n, luminosidad y una piel de apariencia m\u00e1s joven.<\/p>\n<ul>\n<li>Ingrediente sutilmente potente que afina los poros y suaviza las l\u00edneas finas y las arrugas dejando una tez suave, flexible y radiante.<\/li>\n<\/ul>\n<\/div>\n<div class=\"col-md-4 text-left\">\n<h4>Niacinamida (Vitamina B3)<\/h4>\n<ul>\n<li>Extremadamente eficaz para reducir la apariencia de poros dilatados, tono de piel desigual, l\u00edneas finas, opacidad y piel debilitada.<\/li>\n<li>Ayuda a restaurar las c\u00e9lulas de la piel para un brillo juvenil y radiante.<\/li>\n<li>Fortalece y repara la capa externa de la piel.<\/li>\n<\/ul>\n<\/div>\n<div class=\"col-md-4 text-left\">\n<h4>Acetato De Tocoferol (Vitamina E)<\/h4>\n<ul>\n<li>Antioxidante que combate los radicales libres, promueve la curaci\u00f3n de la piel y combate el proceso de envejecimiento.<\/li>\n<\/ul>\n<\/div>\n<\/div>\n<div class=\"row\">\n<div class=\"col-md-4 text-left\">\n<h4>Extracto de rosa canina<\/h4>\n<ul>\n<li>Ayuda a reducir la piel grasa al normalizar la producci\u00f3n de sebo.<\/li>\n<li>Rico en flavonoides de bayas de rosa silvestre, que mejora la comodidad de m\u00faltiples tipos de piel.<\/li>\n<li>Contrae los poros y controla el brillo de la piel.<\/li>\n<\/ul>\n<\/div>\n<div class=\"col-md-4 text-left\">\n<h4>Extracto de Hoja de Camellia (T\u00e9 Verde)<\/h4>\n<ul>\n<li>Contiene poderosos antioxidantes que protegen la piel del da\u00f1o de los radicales libres.<\/li>\n<\/ul>\n<\/div>\n<\/div>\n<\/div>\n<\/div>\n<\/div>\n","protected":false},"excerpt":{"rendered":"<p>Nuestra formulaci\u00f3n a base de fermento de agua de arroz, rica en vitaminas, minerales y amino\u00e1cidos, respaldar\u00e1 la elasticidad y resistencia a las arrugas, al tiempo que disminuir\u00e1 las manchas oscuras y equilibrar\u00e1 el PH de su piel.<\/p>\n","protected":false},"featured_media":344,"comment_status":"open","ping_status":"closed","template":"","meta":{"site-sidebar-layout":"default","site-content-layout":"","ast-site-content-layout":"default","site-content-style":"default","site-sidebar-style":"default","ast-global-header-display":"","ast-banner-title-visibility":"","ast-main-header-display":"","ast-hfb-above-header-display":"","ast-hfb-below-header-display":"","ast-hfb-mobile-header-display":"","site-post-title":"","ast-breadcrumbs-content":"","ast-featured-img":"","footer-sml-layout":"","theme-transparent-header-meta":"default","adv-header-id-meta":"","stick-header-meta":"","header-above-stick-meta":"","header-main-stick-meta":"","header-below-stick-meta":"","astra-migrate-meta-layouts":"set","ast-page-background-enabled":"default","ast-page-background-meta":{"desktop":{"background-color":"var(--ast-global-color-5)","background-image":"","background-repeat":"repeat","background-position":"center center","background-size":"auto","background-attachment":"scroll","background-type":"","background-media":"","overlay-type":"","overlay-color":"","overlay-opacity":"","overlay-gradient":""},"tablet":{"background-color":"","background-image":"","background-repeat":"repeat","background-position":"center center","background-size":"auto","background-attachment":"scroll","background-type":"","background-media":"","overlay-type":"","overlay-color":"","overlay-opacity":"","overlay-gradient":""},"mobile":{"background-color":"","background-image":"","background-repeat":"repeat","background-position":"center center","background-size":"auto","background-attachment":"scroll","background-type":"","background-media":"","overlay-type":"","overlay-color":"","overlay-opacity":"","overlay-gradient":""}},"ast-content-background-meta":{"desktop":{"background-color":"var(--ast-global-color-4)","background-image":"","background-repeat":"repeat","background-position":"center center","background-size":"auto","background-attachment":"scroll","background-type":"","background-media":"","overlay-type":"","overlay-color":"","overlay-opacity":"","overlay-gradient":""},"tablet":{"background-color":"var(--ast-global-color-4)","background-image":"","background-repeat":"repeat","background-position":"center center","background-size":"auto","background-attachment":"scroll","background-type":"","background-media":"","overlay-type":"","overlay-color":"","overlay-opacity":"","overlay-gradient":""},"mobile":{"background-color":"var(--ast-global-color-4)","background-image":"","background-repeat":"repeat","background-position":"center center","background-size":"auto","background-attachment":"scroll","background-type":"","background-media":"","overlay-type":"","overlay-color":"","overlay-opacity":"","overlay-gradient":""}},"_joinchat":[]},"product_brand":[],"product_cat":[22],"product_tag":[],"class_list":{"0":"post-343","1":"product","2":"type-product","3":"status-publish","4":"has-post-thumbnail","6":"product_cat-productos","7":"desktop-align-left","8":"tablet-align-left","9":"mobile-align-left","11":"first","12":"instock","13":"shipping-taxable","14":"product-type-external"},"_links":{"self":[{"href":"https:\/\/soymiangelia.com.co\/index.php?rest_route=\/wp\/v2\/product\/343","targetHints":{"allow":["GET"]}}],"collection":[{"href":"https:\/\/soymiangelia.com.co\/index.php?rest_route=\/wp\/v2\/product"}],"about":[{"href":"https:\/\/soymiangelia.com.co\/index.php?rest_route=\/wp\/v2\/types\/product"}],"replies":[{"embeddable":true,"href":"https:\/\/soymiangelia.com.co\/index.php?rest_route=%2Fwp%2Fv2%2Fcomments&post=343"}],"wp:featuredmedia":[{"embeddable":true,"href":"https:\/\/soymiangelia.com.co\/index.php?rest_route=\/wp\/v2\/media\/344"}],"wp:attachment":[{"href":"https:\/\/soymiangelia.com.co\/index.php?rest_route=%2Fwp%2Fv2%2Fmedia&parent=343"}],"wp:term":[{"taxonomy":"product_brand","embeddable":true,"href":"https:\/\/soymiangelia.com.co\/index.php?rest_route=%2Fwp%2Fv2%2Fproduct_brand&post=343"},{"taxonomy":"product_cat","embeddable":true,"href":"https:\/\/soymiangelia.com.co\/index.php?rest_route=%2Fwp%2Fv2%2Fproduct_cat&post=343"},{"taxonomy":"product_tag","embeddable":true,"href":"https:\/\/soymiangelia.com.co\/index.php?rest_route=%2Fwp%2Fv2%2Fproduct_tag&post=343"}],"curies":[{"name":"wp","href":"https:\/\/api.w.org\/{rel}","templated":true}]}}