{"id":345,"date":"2025-06-21T13:44:05","date_gmt":"2025-06-21T13:44:05","guid":{"rendered":"https:\/\/soymiangelia.com.co\/?post_type=product&#038;p=345"},"modified":"2025-06-21T13:44:05","modified_gmt":"2025-06-21T13:44:05","slug":"barro-purificador","status":"publish","type":"product","link":"https:\/\/soymiangelia.com.co\/?product=barro-purificador","title":{"rendered":"Barro Purificador"},"content":{"rendered":"<h2>Piel suave<\/h2>\n<p>Suaviza y pule la piel al eliminar las c\u00e9lulas muertas acumuladas.<\/p>\n<h2 class=\"mt-4\">Elimina impurezas<\/h2>\n<p>Extrae impurezas para revelar la juventud de tu piel.<\/p>\n<h2 class=\"mt-4\">Prepara la piel<\/h2>\n<p>Prepara tu piel para absorber al m\u00e1ximo la Esencia Tonificadora y el Suero Rejuvenecedor EMORA al llevar la sangre a la superficie de la piel y abrir los poros.<\/p>\n<h2 class=\"mt-4\">Objectivo<\/h2>\n<p>Flexibilidad de mezcla que te permite elegir el ingrediente base que funciona mejor con tu tipo de piel espec\u00edfico y abordar \u00e1reas problem\u00e1ticas espec\u00edficas.<\/p>\n<div class=\"container-fluid bg-light p-4 mb-5\">\n<div class=\"quote row\">\n<div class=\"col-xl-6 col-lg-12 col-m-12 col-sm-12 col-xs-12 text-left mt-3\">\n<h2>Especificaciones del Barro Purificador EMORA<\/h2>\n<p>El Barro Purificador EMORA es una potente mezcla de arcillas limpiadoras, especias arom\u00e1ticas y enzimas restauradoras dise\u00f1adas para extraer las impurezas y eliminar las capas de c\u00e9lulas cut\u00e1neas muertas acumuladas, dejando la piel fresca y lista para una hidrataci\u00f3n completa. Debido a que el Barro Purificador EMORA es una mezcla seca de ingredientes, puedes mezclar el Barro Purificador con tu elecci\u00f3n de agua, aguacate, yogurt, miel, vinagre o cualquier otro ingrediente base que satisfaga las necesidades espec\u00edficas de tu piel. Este enfoque de mezcla te permite personalizar completamente c\u00f3mo usa EMORA Purifying Mud, porque solo usted sabe c\u00f3mo tratar mejor su piel. Si lo sigue con nuestro t\u00f3nico EMORA Essence Toner y EMORA Rejuvenating Serum, espere descubrir la verdadera belleza de su piel.<\/p><\/div>\n<\/div>\n<\/div>\n<div class=\"container mt-3 mb-4\">\n<div class=\"quote row\">\n<div class=\"col-md-12 text-center\">\n<h2>Ingredientes principales<\/h2>\n<\/div>\n<\/div>\n<div class=\"row mb-4\">\n<div class=\"col-md-3 text-left\">\n<h4>Arcilla Kaol\u00edn<\/h4>\n<p>Limpia la piel exfoliando las c\u00e9lulas muertas de la piel, mientras absorbe el exceso de grasa. En general, una excelente manera de purificar, desintoxicar y calmar la piel irritada.<\/p><\/div>\n<div class=\"col-md-3 text-left\">\n<h4>Papaina<\/h4>\n<p>Rico en enzimas, vitaminas y antioxidantes. Aclara, exfolia e hidrata la piel.<\/p><\/div>\n<div class=\"col-md-3 text-left\">\n<h4>Miel<\/h4>\n<p>Ingrediente antibacteriano y antiinflamatorio. Rica en minerales y vitaminas B y C.<\/p><\/div>\n<div class=\"col-md-3 text-left\">\n<h4>Clavo<\/h4>\n<p>Contiene minerales y vitaminas que estimulan el crecimiento de nuevas c\u00e9lulas cut\u00e1neas saludables. Tambie\u00f1 es un antibacteriano y antis\u00e9ptico, ayudando a calmar y curar la piel irritada.<\/p><\/div>\n<\/div>\n<div class=\"row mb-4\">\n<div class=\"col-md-3 text-left\">\n<h4>Cacao en polvo<\/h4>\n<p>Rico en antioxidantes que protegen la piel de los radicales libres y otros da\u00f1os ambientales. Tambi\u00e9n es antiinflamatorio, aliviando el enrojecimiento y aumentando el flujo sangu\u00edneo hacia las c\u00e9lulas, promoviendo una complexi\u00f3n radiante.<\/p><\/div>\n<div class=\"col-md-3 text-left\">\n<h4>Canela<\/h4>\n<p>Propiedades antibacterianas y antis\u00e9pticas que suavizan la piel y eliminan el crecimiento de bacterias. Tambi\u00e9n es un exfoliante calmante que ilumina y mejora la complexion.<\/p><\/div>\n<div class=\"col-md-3 text-left\">\n<h4>Arcilla Raso<\/h4>\n<p>Absorbe el exceso de suciedad y grasa mientras nutre la piel.<\/p><\/div>\n<div class=\"col-md-3 text-left\">\n<h4>Hamamelis<\/h4>\n<p>Hidrata, estabiliza y reduce la inflamaci\u00f3n y el enrojecimiento de la piel.<\/p><\/div>\n<\/div>\n<div class=\"row mb-4\">\n<div class=\"col-md-3 text-left\">\n<h4>Corteza de aliso<\/h4>\n<p>Extrae impurezas de la piel para una complexi\u00f3n m\u00e1s suave y clara.<\/p><\/div>\n<div class=\"col-md-3 text-left\">\n<h4>Zanahoria<\/h4>\n<p>Repara el tejido de la piel, protege contra el da\u00f1o solar y deja la piel con un brillo saludable y fresco.<\/p><\/div>\n<div class=\"col-md-3 text-left\">\n<h4>Aloe<\/h4>\n<p>Calma, hidrata y cura la piel lastimada e irritada.<\/p><\/div>\n<div class=\"col-md-3 text-left\">\n<h4>Cal\u00e9ndula<\/h4>\n<p>Sana y calma la piel irritada y da\u00f1ada.<\/p><\/div>\n<\/div>\n<\/div>\n","protected":false},"excerpt":{"rendered":"<h2>Extrae las impurezas y deja tu piel fresca.<\/h2>\n","protected":false},"featured_media":219,"comment_status":"open","ping_status":"closed","template":"","meta":{"site-sidebar-layout":"default","site-content-layout":"","ast-site-content-layout":"default","site-content-style":"default","site-sidebar-style":"default","ast-global-header-display":"","ast-banner-title-visibility":"","ast-main-header-display":"","ast-hfb-above-header-display":"","ast-hfb-below-header-display":"","ast-hfb-mobile-header-display":"","site-post-title":"","ast-breadcrumbs-content":"","ast-featured-img":"","footer-sml-layout":"","theme-transparent-header-meta":"default","adv-header-id-meta":"","stick-header-meta":"","header-above-stick-meta":"","header-main-stick-meta":"","header-below-stick-meta":"","astra-migrate-meta-layouts":"set","ast-page-background-enabled":"default","ast-page-background-meta":{"desktop":{"background-color":"var(--ast-global-color-5)","background-image":"","background-repeat":"repeat","background-position":"center center","background-size":"auto","background-attachment":"scroll","background-type":"","background-media":"","overlay-type":"","overlay-color":"","overlay-opacity":"","overlay-gradient":""},"tablet":{"background-color":"","background-image":"","background-repeat":"repeat","background-position":"center center","background-size":"auto","background-attachment":"scroll","background-type":"","background-media":"","overlay-type":"","overlay-color":"","overlay-opacity":"","overlay-gradient":""},"mobile":{"background-color":"","background-image":"","background-repeat":"repeat","background-position":"center center","background-size":"auto","background-attachment":"scroll","background-type":"","background-media":"","overlay-type":"","overlay-color":"","overlay-opacity":"","overlay-gradient":""}},"ast-content-background-meta":{"desktop":{"background-color":"var(--ast-global-color-4)","background-image":"","background-repeat":"repeat","background-position":"center center","background-size":"auto","background-attachment":"scroll","background-type":"","background-media":"","overlay-type":"","overlay-color":"","overlay-opacity":"","overlay-gradient":""},"tablet":{"background-color":"var(--ast-global-color-4)","background-image":"","background-repeat":"repeat","background-position":"center center","background-size":"auto","background-attachment":"scroll","background-type":"","background-media":"","overlay-type":"","overlay-color":"","overlay-opacity":"","overlay-gradient":""},"mobile":{"background-color":"var(--ast-global-color-4)","background-image":"","background-repeat":"repeat","background-position":"center center","background-size":"auto","background-attachment":"scroll","background-type":"","background-media":"","overlay-type":"","overlay-color":"","overlay-opacity":"","overlay-gradient":""}},"_joinchat":[]},"product_brand":[],"product_cat":[22],"product_tag":[],"class_list":{"0":"post-345","1":"product","2":"type-product","3":"status-publish","4":"has-post-thumbnail","6":"product_cat-productos","7":"desktop-align-left","8":"tablet-align-left","9":"mobile-align-left","11":"first","12":"instock","13":"shipping-taxable","14":"product-type-external"},"_links":{"self":[{"href":"https:\/\/soymiangelia.com.co\/index.php?rest_route=\/wp\/v2\/product\/345","targetHints":{"allow":["GET"]}}],"collection":[{"href":"https:\/\/soymiangelia.com.co\/index.php?rest_route=\/wp\/v2\/product"}],"about":[{"href":"https:\/\/soymiangelia.com.co\/index.php?rest_route=\/wp\/v2\/types\/product"}],"replies":[{"embeddable":true,"href":"https:\/\/soymiangelia.com.co\/index.php?rest_route=%2Fwp%2Fv2%2Fcomments&post=345"}],"wp:featuredmedia":[{"embeddable":true,"href":"https:\/\/soymiangelia.com.co\/index.php?rest_route=\/wp\/v2\/media\/219"}],"wp:attachment":[{"href":"https:\/\/soymiangelia.com.co\/index.php?rest_route=%2Fwp%2Fv2%2Fmedia&parent=345"}],"wp:term":[{"taxonomy":"product_brand","embeddable":true,"href":"https:\/\/soymiangelia.com.co\/index.php?rest_route=%2Fwp%2Fv2%2Fproduct_brand&post=345"},{"taxonomy":"product_cat","embeddable":true,"href":"https:\/\/soymiangelia.com.co\/index.php?rest_route=%2Fwp%2Fv2%2Fproduct_cat&post=345"},{"taxonomy":"product_tag","embeddable":true,"href":"https:\/\/soymiangelia.com.co\/index.php?rest_route=%2Fwp%2Fv2%2Fproduct_tag&post=345"}],"curies":[{"name":"wp","href":"https:\/\/api.w.org\/{rel}","templated":true}]}}