{"id":346,"date":"2025-06-21T13:46:16","date_gmt":"2025-06-21T13:46:16","guid":{"rendered":"https:\/\/soymiangelia.com.co\/?post_type=product&#038;p=346"},"modified":"2025-06-21T13:52:21","modified_gmt":"2025-06-21T13:52:21","slug":"suero-rejuvenecedor","status":"publish","type":"product","link":"https:\/\/soymiangelia.com.co\/?product=suero-rejuvenecedor","title":{"rendered":"Suero Rejuvenecedor"},"content":{"rendered":"<h2>Hidrata la piel<\/h2>\n<p>El suero EMORA ilumina y tonifica la piel, dej\u00e1ndola fresca y rehidratada.<\/p>\n<div class=\"row\">\n<div class=\"col-lg-6 mb-4 mb-lg-0 p-3 text-left\">\n<h2 class=\"mt-4\">Refinar Poros<\/h2>\n<p>Refina el aspecto de los poros, ayudando a que la piel se vea m\u00e1s firme y juvenil.<\/p>\n<h2 class=\"mt-4\">Piel Suave<\/h2>\n<p>Suero EMORA Suaviza la textura de la piel.<\/p>\n<\/div>\n<\/div>\n<div class=\"row\">\n<div class=\"col-lg-6 mb-4 mb-lg-0 p-3 text-left\">\n<h2 class=\"mt-4\">Proteccion De Arrugas<\/h2>\n<p>Disminuye las manchas oscuras y previene las arrugas.<\/p>\n<\/div>\n<div class=\"col-lg-6 mb-4 mb-lg-0 p-3 text-left\">\n<h2 class=\"mt-4\">Ayuda a Los Siguientes Productos<\/h2>\n<p>Ayuda a que los productos y nutrientes de seguimiento penetren la piel m\u00e1s profundamente.<\/p>\n<\/div>\n<div>\n<div class=\"container-fluid bg-light p-4 mb-5\">\n<div class=\"quote row\">\n<div class=\"col-xl-6 col-lg-12 col-m-12 col-sm-12 col-xs-12 text-left mt-3\">\n<h2>Especificaciones del Suero Rejuvenecedor Emora<\/h2>\n<p>EMORA Rejuvenating Serum es una mezcla concentrada de ingredientes activos como p\u00e9ptidos, ceramidas, vitaminas y \u00e1cidos alfa hidroxi (AHA), que se unen para refrescar, renovar y reponer incluso la piel m\u00e1s cansada y exigente. Nuestra formulaci\u00f3n compleja y reflexiva es todo lo que la piel necesita para estar sana, brillante y preparada para el d\u00eda, \u00bfy qui\u00e9n no quiere eso?<\/p>\n<\/div>\n<\/div>\n<\/div>\n<div class=\"container mt-3 mb-4\">\n<div class=\"quote row\">\n<div class=\"col-md-12 text-center\">\n<h2>Ingredientes Pricipales<\/h2>\n<\/div>\n<\/div>\n<div class=\"row mb-4\">\n<div class=\"col-md-4 text-left\">\n<h4>Ceramidas y p\u00e9ptidos especialmente formulados<\/h4>\n<ul>\n<li>Refuerza los componentes b\u00e1sicos de la prote\u00edna esencial col\u00e1geno de la piel.<\/li>\n<li>Reafirma, levanta y reduce la apariencia de l\u00edneas finas y arrugas.<\/li>\n<\/ul>\n<\/div>\n<div class=\"col-md-4 text-left\">\n<h4>AHA Complex (Alpha Hydroxy Acids)<\/h4>\n<ul>\n<li>Protege contra los radicales libres y otras contaminaciones ambientales.<\/li>\n<li>Acondiciona la piel y aumenta la fuerza de las c\u00e9lulas de la piel.<\/li>\n<li>Hidrata la piel mientras reduce la aparici\u00f3n de imperfecciones.<\/li>\n<li>Ayuda a prevenir los signos del envejecimiento, as\u00ed como a rejuvenecer el crecimiento de las c\u00e9lulas de la piel.<\/li>\n<li>Exfoliaci\u00f3n natural de las c\u00e9lulas muertas de la piel.<\/li>\n<li>Contiene propiedades antiinflamatorias.<\/li>\n<\/ul>\n<\/div>\n<div class=\"col-md-4 text-left\">\n<h4>Proprietary Vitamin C (Especialmente tratado y estabilizado)<\/h4>\n<ul>\n<li>Este ingrediente patentado ayuda a aclarar la piel, protegerla del da\u00f1o de los rayos UV, promover la s\u00edntesis de col\u00e1geno y mejorar la apariencia de l\u00edneas finas y arrugas.<\/li>\n<li>Unifica los tonos de la piel y combate la decoloraci\u00f3n.<\/li>\n<\/ul>\n<\/div>\n<\/div>\n<div class=\"row mb-4\">\n<div class=\"col-md-4 text-left\">\n<h4>Niacinamide (Vitamin B3)<\/h4>\n<ul>\n<li>Reduce la apariencia de poros dilatados, tono desigual de la piel, l\u00edneas finas, opacidad y piel debilitada.<\/li>\n<li>Restaura las c\u00e9lulas de la piel para un brillo juvenil y radiante.<\/li>\n<li>Fortalece y repara la capa externa de la piel.<\/li>\n<\/ul>\n<\/div>\n<\/div>\n<\/div>\n<footer class=\"bg-dark text-center text-white grad\">\n<div class=\"container p-4\"><\/div>\n<\/footer>\n<\/div>\n<\/div>\n","protected":false},"excerpt":{"rendered":"<p>Repleto de p\u00e9ptidos, ceramidas, vitaminas y \u00e1cidos alfa hidroxi que trabajan duro, el suero refrescar\u00e1, renovar\u00e1 y repondr\u00e1 la piel m\u00e1s cansada.<\/p>\n","protected":false},"featured_media":216,"comment_status":"open","ping_status":"closed","template":"","meta":{"site-sidebar-layout":"default","site-content-layout":"","ast-site-content-layout":"default","site-content-style":"default","site-sidebar-style":"default","ast-global-header-display":"","ast-banner-title-visibility":"","ast-main-header-display":"","ast-hfb-above-header-display":"","ast-hfb-below-header-display":"","ast-hfb-mobile-header-display":"","site-post-title":"","ast-breadcrumbs-content":"","ast-featured-img":"","footer-sml-layout":"","theme-transparent-header-meta":"default","adv-header-id-meta":"","stick-header-meta":"","header-above-stick-meta":"","header-main-stick-meta":"","header-below-stick-meta":"","astra-migrate-meta-layouts":"set","ast-page-background-enabled":"default","ast-page-background-meta":{"desktop":{"background-color":"var(--ast-global-color-5)","background-image":"","background-repeat":"repeat","background-position":"center center","background-size":"auto","background-attachment":"scroll","background-type":"","background-media":"","overlay-type":"","overlay-color":"","overlay-opacity":"","overlay-gradient":""},"tablet":{"background-color":"","background-image":"","background-repeat":"repeat","background-position":"center center","background-size":"auto","background-attachment":"scroll","background-type":"","background-media":"","overlay-type":"","overlay-color":"","overlay-opacity":"","overlay-gradient":""},"mobile":{"background-color":"","background-image":"","background-repeat":"repeat","background-position":"center center","background-size":"auto","background-attachment":"scroll","background-type":"","background-media":"","overlay-type":"","overlay-color":"","overlay-opacity":"","overlay-gradient":""}},"ast-content-background-meta":{"desktop":{"background-color":"var(--ast-global-color-4)","background-image":"","background-repeat":"repeat","background-position":"center center","background-size":"auto","background-attachment":"scroll","background-type":"","background-media":"","overlay-type":"","overlay-color":"","overlay-opacity":"","overlay-gradient":""},"tablet":{"background-color":"var(--ast-global-color-4)","background-image":"","background-repeat":"repeat","background-position":"center center","background-size":"auto","background-attachment":"scroll","background-type":"","background-media":"","overlay-type":"","overlay-color":"","overlay-opacity":"","overlay-gradient":""},"mobile":{"background-color":"var(--ast-global-color-4)","background-image":"","background-repeat":"repeat","background-position":"center center","background-size":"auto","background-attachment":"scroll","background-type":"","background-media":"","overlay-type":"","overlay-color":"","overlay-opacity":"","overlay-gradient":""}},"_joinchat":[]},"product_brand":[],"product_cat":[22],"product_tag":[],"class_list":{"0":"post-346","1":"product","2":"type-product","3":"status-publish","4":"has-post-thumbnail","6":"product_cat-productos","7":"desktop-align-left","8":"tablet-align-left","9":"mobile-align-left","11":"first","12":"instock","13":"shipping-taxable","14":"product-type-external"},"_links":{"self":[{"href":"https:\/\/soymiangelia.com.co\/index.php?rest_route=\/wp\/v2\/product\/346","targetHints":{"allow":["GET"]}}],"collection":[{"href":"https:\/\/soymiangelia.com.co\/index.php?rest_route=\/wp\/v2\/product"}],"about":[{"href":"https:\/\/soymiangelia.com.co\/index.php?rest_route=\/wp\/v2\/types\/product"}],"replies":[{"embeddable":true,"href":"https:\/\/soymiangelia.com.co\/index.php?rest_route=%2Fwp%2Fv2%2Fcomments&post=346"}],"wp:featuredmedia":[{"embeddable":true,"href":"https:\/\/soymiangelia.com.co\/index.php?rest_route=\/wp\/v2\/media\/216"}],"wp:attachment":[{"href":"https:\/\/soymiangelia.com.co\/index.php?rest_route=%2Fwp%2Fv2%2Fmedia&parent=346"}],"wp:term":[{"taxonomy":"product_brand","embeddable":true,"href":"https:\/\/soymiangelia.com.co\/index.php?rest_route=%2Fwp%2Fv2%2Fproduct_brand&post=346"},{"taxonomy":"product_cat","embeddable":true,"href":"https:\/\/soymiangelia.com.co\/index.php?rest_route=%2Fwp%2Fv2%2Fproduct_cat&post=346"},{"taxonomy":"product_tag","embeddable":true,"href":"https:\/\/soymiangelia.com.co\/index.php?rest_route=%2Fwp%2Fv2%2Fproduct_tag&post=346"}],"curies":[{"name":"wp","href":"https:\/\/api.w.org\/{rel}","templated":true}]}}