{"id":348,"date":"2025-06-21T13:49:52","date_gmt":"2025-06-21T13:49:52","guid":{"rendered":"https:\/\/soymiangelia.com.co\/?post_type=product&#038;p=348"},"modified":"2025-06-21T13:51:42","modified_gmt":"2025-06-21T13:51:42","slug":"limpiador-facial-esencial","status":"publish","type":"product","link":"https:\/\/soymiangelia.com.co\/?product=limpiador-facial-esencial","title":{"rendered":"Limpiador Facial Esencial"},"content":{"rendered":"<h2>Poder suave<\/h2>\n<p>Suave pero poderosamente limpia, hidrata y suaviza la piel, adem\u00e1s de proporcionar propiedades curativas y antiinflamatorias a largo plazo.<\/p>\n<div class=\"row\">\n<div class=\"col-lg-6 mb-4 mb-lg-0 p-3 text-left\">\n<h2 class=\"mt-4\">Limpia la piel<\/h2>\n<p>Ayuda a eliminar las bacterias que causan el acn\u00e9 y reducir la inflamaci\u00f3n de la piel.<\/p>\n<h2 class=\"mt-4\">Suaviza la piel<\/h2>\n<p>Suaviza la textura de la piel.<\/p>\n<\/div>\n<\/div>\n<div class=\"row\">\n<div class=\"col-lg-6 mb-4 mb-lg-0 p-3 text-left\">\n<h2 class=\"mt-4\">Promueve la producci\u00f3n de col\u00e1geno<\/h2>\n<p>Promueve la producci\u00f3n de col\u00e1geno para mejorar la elasticidad y firmeza de la piel para una apariencia m\u00e1s juvenil.<\/p>\n<\/div>\n<div class=\"col-lg-6 mb-4 mb-lg-0 p-3 text-left\">\n<h2 class=\"mt-4\">Complemento de otros productos<\/h2>\n<p>Ayuda a que los otros productos EMORA y sus nutrientes penetren m\u00e1s profundamente en la piel.<\/p>\n<\/div>\n<div>\n<div class=\"container-fluid bg-light p-4 mb-5\">\n<div class=\"quote row\">\n<div class=\"col-xl-6 col-lg-12 col-m-12 col-sm-12 col-xs-12 text-left mt-3\">\n<h2>Especificaciones del Limpiador Facial Esencial EMORA<\/h2>\n<p>Con Matricaria para ayudar a mejorar la condici\u00f3n piel, hoja de aloe para minimizar la inflamaci\u00f3n y extracto de romero para reafirmar, este limpiador deja la piel con una sensaci\u00f3n joven y suave, eliminando la apariencia de cansancio e hinchaz\u00f3n de las noches y los d\u00edas largos. Limpiador Facial Esencial EMORA es una poderosa combinaci\u00f3n sin\u00e9rgica de ingredientes que activa los receptores de vitamina D en el cuerpo, desbloqueando el potencial de hidrataci\u00f3n de tu piel. Con el complejo MultiMoist CLR, nuestra f\u00f3rmula limpia y suaviza la piel de tu rostro mientras aumenta la potencia de la vitamina D esencial. El Limpiador Facial Esencial EMORA limpiar\u00e1 e hidratar\u00e1 tu rostro para permitir que nuestra Esencia Tonificadora y Suero Rejuvenecedor EMORA alcancen su m\u00e1ximo potencial.<\/p>\n<\/div>\n<\/div>\n<\/div>\n<div class=\"container mt-3 mb-5\">\n<div class=\"quote row\">\n<div class=\"col-md-12 text-center\">\n<h2>Ingredientes Principales<\/h2>\n<\/div>\n<\/div>\n<div class=\"row \">\n<div class=\"col-md-6 text-left\">\n<h4>MultiMoist CLR\u2122<\/h4>\n<ul>\n<li>Es un ingrediente vanguardista clave de hidrataci\u00f3n que amplifica la actividad de la vitamina D en la piel para aumentar su capacidad de hidrataci\u00f3n.<\/li>\n<li>Ayuda a aumentar la hidrataci\u00f3n de la piel y a reducir la sequedad visible de la piel.<\/li>\n<\/ul>\n<\/div>\n<div class=\"col-md-6 text-left\">\n<h4>Hoja de Aloe<\/h4>\n<ul>\n<li>Proporciona potentes propiedades antinflamatorias naturales para calmar la piel y el rostro.<\/li>\n<li>Retiene la humedad.<\/li>\n<li>Reafirma los poros del rostro y crea una apariencia m\u00e1s despierta y fresca.<\/li>\n<\/ul>\n<\/div>\n<\/div>\n<div class=\"row \">\n<div class=\"col-md-6 text-left\">\n<h4>Matricaria<\/h4>\n<ul>\n<li>Ayuda a eliminar las bacterias causantes del acn\u00e9.<\/li>\n<li>Contiene propiedades cicatrizantes de la piel.<\/li>\n<\/ul>\n<\/div>\n<div class=\"col-md-6 text-left\">\n<h4>Extracto de Romero<\/h4>\n<ul>\n<li>Estimula el col\u00e1geno mejorando la elasticidad y firmeza de la piel para crear un cutis m\u00e1s joven.<\/li>\n<\/ul>\n<\/div>\n<\/div>\n<\/div>\n<\/div>\n<\/div>\n","protected":false},"excerpt":{"rendered":"<p>Este limpiador suave activa los receptores de vitamina D en el cuerpo para hidratar mientras limpia. Con el complejo MultiMoist CLRTM, su f\u00f3rmula suaviza la piel de tu rostro eliminando impurezas y dejando que tu piel tenga un brillo natural.<\/p>\n","protected":false},"featured_media":220,"comment_status":"open","ping_status":"closed","template":"","meta":{"site-sidebar-layout":"default","site-content-layout":"","ast-site-content-layout":"default","site-content-style":"default","site-sidebar-style":"default","ast-global-header-display":"","ast-banner-title-visibility":"","ast-main-header-display":"","ast-hfb-above-header-display":"","ast-hfb-below-header-display":"","ast-hfb-mobile-header-display":"","site-post-title":"","ast-breadcrumbs-content":"","ast-featured-img":"","footer-sml-layout":"","theme-transparent-header-meta":"default","adv-header-id-meta":"","stick-header-meta":"","header-above-stick-meta":"","header-main-stick-meta":"","header-below-stick-meta":"","astra-migrate-meta-layouts":"set","ast-page-background-enabled":"default","ast-page-background-meta":{"desktop":{"background-color":"var(--ast-global-color-5)","background-image":"","background-repeat":"repeat","background-position":"center center","background-size":"auto","background-attachment":"scroll","background-type":"","background-media":"","overlay-type":"","overlay-color":"","overlay-opacity":"","overlay-gradient":""},"tablet":{"background-color":"","background-image":"","background-repeat":"repeat","background-position":"center center","background-size":"auto","background-attachment":"scroll","background-type":"","background-media":"","overlay-type":"","overlay-color":"","overlay-opacity":"","overlay-gradient":""},"mobile":{"background-color":"","background-image":"","background-repeat":"repeat","background-position":"center center","background-size":"auto","background-attachment":"scroll","background-type":"","background-media":"","overlay-type":"","overlay-color":"","overlay-opacity":"","overlay-gradient":""}},"ast-content-background-meta":{"desktop":{"background-color":"var(--ast-global-color-4)","background-image":"","background-repeat":"repeat","background-position":"center center","background-size":"auto","background-attachment":"scroll","background-type":"","background-media":"","overlay-type":"","overlay-color":"","overlay-opacity":"","overlay-gradient":""},"tablet":{"background-color":"var(--ast-global-color-4)","background-image":"","background-repeat":"repeat","background-position":"center center","background-size":"auto","background-attachment":"scroll","background-type":"","background-media":"","overlay-type":"","overlay-color":"","overlay-opacity":"","overlay-gradient":""},"mobile":{"background-color":"var(--ast-global-color-4)","background-image":"","background-repeat":"repeat","background-position":"center center","background-size":"auto","background-attachment":"scroll","background-type":"","background-media":"","overlay-type":"","overlay-color":"","overlay-opacity":"","overlay-gradient":""}},"_joinchat":[]},"product_brand":[],"product_cat":[22],"product_tag":[],"class_list":{"0":"post-348","1":"product","2":"type-product","3":"status-publish","4":"has-post-thumbnail","6":"product_cat-productos","7":"desktop-align-left","8":"tablet-align-left","9":"mobile-align-left","11":"first","12":"instock","13":"shipping-taxable","14":"product-type-external"},"_links":{"self":[{"href":"https:\/\/soymiangelia.com.co\/index.php?rest_route=\/wp\/v2\/product\/348","targetHints":{"allow":["GET"]}}],"collection":[{"href":"https:\/\/soymiangelia.com.co\/index.php?rest_route=\/wp\/v2\/product"}],"about":[{"href":"https:\/\/soymiangelia.com.co\/index.php?rest_route=\/wp\/v2\/types\/product"}],"replies":[{"embeddable":true,"href":"https:\/\/soymiangelia.com.co\/index.php?rest_route=%2Fwp%2Fv2%2Fcomments&post=348"}],"wp:featuredmedia":[{"embeddable":true,"href":"https:\/\/soymiangelia.com.co\/index.php?rest_route=\/wp\/v2\/media\/220"}],"wp:attachment":[{"href":"https:\/\/soymiangelia.com.co\/index.php?rest_route=%2Fwp%2Fv2%2Fmedia&parent=348"}],"wp:term":[{"taxonomy":"product_brand","embeddable":true,"href":"https:\/\/soymiangelia.com.co\/index.php?rest_route=%2Fwp%2Fv2%2Fproduct_brand&post=348"},{"taxonomy":"product_cat","embeddable":true,"href":"https:\/\/soymiangelia.com.co\/index.php?rest_route=%2Fwp%2Fv2%2Fproduct_cat&post=348"},{"taxonomy":"product_tag","embeddable":true,"href":"https:\/\/soymiangelia.com.co\/index.php?rest_route=%2Fwp%2Fv2%2Fproduct_tag&post=348"}],"curies":[{"name":"wp","href":"https:\/\/api.w.org\/{rel}","templated":true}]}}